{"id":87,"date":"2019-01-23T13:25:49","date_gmt":"2019-01-23T13:25:49","guid":{"rendered":"http:\/\/morevitalityve.com\/?product=money-plant"},"modified":"2025-09-21T15:42:16","modified_gmt":"2025-09-21T15:42:16","slug":"money-plant","status":"publish","type":"product","link":"http:\/\/morevitalityve.com\/?product=money-plant","title":{"rendered":"Thorne, S.A.T., 60 c\u00e1psulas"},"content":{"rendered":"<h4 id=\"title\" class=\"a-size-large a-spacing-none\"><span id=\"productTitle\" class=\"a-size-large product-title-word-break\">Extractos de silimarina, alcachofa y c\u00farcuma para soporte hep\u00e1tico &#8211; 60 c\u00e1psulas<\/span><\/h4>\n","protected":false},"excerpt":{"rendered":"<h1 class=\"a-size-base-plus a-text-bold\">Sobre este art\u00edculo<\/h1>\n<ul class=\"a-unordered-list a-vertical a-spacing-mini\">\n<li><span class=\"a-list-item\">H\u00edgado: tres bot\u00e1nicos importantes que tienen propiedades protectoras del h\u00edgado*<\/span><\/li>\n<li><span class=\"a-list-item\">Absorci\u00f3n \u00f3ptima: fitosomas de cardo y curcumina para una absorci\u00f3n \u00f3ptima<\/span><\/li>\n<li><span class=\"a-list-item\">H\u00edgado graso: la alcachofa proporciona apoyo nutricional para el h\u00edgado graso*<\/span><\/li>\n<li><span class=\"a-list-item\">Libre de: cada producto Thorne est\u00e1 fabricado con los ingredientes m\u00e1s puros posibles, sin gluten ni otros al\u00e9rgenos importantes (huevos, frutos secos, cacahuetes). Este producto tampoco contiene soja, l\u00e1cteos, levadura, mariscos o pescado.<\/span><\/li>\n<li><span class=\"a-list-item\">El compromiso de Thorne con la integridad y los productos respaldados por la ciencia nos han ayudado a ganar la confianza de miles de profesionales de la salud, equipos nacionales de Estados Unidos, la Cl\u00ednica Mayo y familias de todo el mundo.<\/span><\/li>\n<\/ul>\n","protected":false},"featured_media":2124,"comment_status":"open","ping_status":"closed","template":"","meta":{"om_disable_all_campaigns":false,"_monsterinsights_skip_tracking":false,"_monsterinsights_sitenote_active":false,"_monsterinsights_sitenote_note":"","_monsterinsights_sitenote_category":0,"site-sidebar-layout":"default","site-content-layout":"default","ast-global-header-display":"","ast-main-header-display":"","ast-hfb-above-header-display":"","ast-hfb-below-header-display":"","ast-hfb-mobile-header-display":"","site-post-title":"","ast-breadcrumbs-content":"","ast-featured-img":"","footer-sml-layout":"","theme-transparent-header-meta":"default","adv-header-id-meta":"","stick-header-meta":"","header-above-stick-meta":"","header-main-stick-meta":"","header-below-stick-meta":""},"product_cat":[29],"product_tag":[],"_links":{"self":[{"href":"http:\/\/morevitalityve.com\/index.php?rest_route=\/wp\/v2\/product\/87"}],"collection":[{"href":"http:\/\/morevitalityve.com\/index.php?rest_route=\/wp\/v2\/product"}],"about":[{"href":"http:\/\/morevitalityve.com\/index.php?rest_route=\/wp\/v2\/types\/product"}],"replies":[{"embeddable":true,"href":"http:\/\/morevitalityve.com\/index.php?rest_route=%2Fwp%2Fv2%2Fcomments&post=87"}],"wp:featuredmedia":[{"embeddable":true,"href":"http:\/\/morevitalityve.com\/index.php?rest_route=\/wp\/v2\/media\/2124"}],"wp:attachment":[{"href":"http:\/\/morevitalityve.com\/index.php?rest_route=%2Fwp%2Fv2%2Fmedia&parent=87"}],"wp:term":[{"taxonomy":"product_cat","embeddable":true,"href":"http:\/\/morevitalityve.com\/index.php?rest_route=%2Fwp%2Fv2%2Fproduct_cat&post=87"},{"taxonomy":"product_tag","embeddable":true,"href":"http:\/\/morevitalityve.com\/index.php?rest_route=%2Fwp%2Fv2%2Fproduct_tag&post=87"}],"curies":[{"name":"wp","href":"https:\/\/api.w.org\/{rel}","templated":true}]}}