{"id":86,"date":"2019-01-23T13:24:06","date_gmt":"2019-01-23T13:24:06","guid":{"rendered":"http:\/\/morevitalityve.com\/?product=aluminum-plant"},"modified":"2022-08-15T19:53:29","modified_gmt":"2022-08-15T19:53:29","slug":"aluminum-plant","status":"publish","type":"product","link":"http:\/\/morevitalityve.com\/?product=aluminum-plant","title":{"rendered":"Thorne Research &#8211; Citramato de magnesio,"},"content":{"rendered":"<h3 id=\"title\" class=\"a-size-large a-spacing-none\"><span id=\"productTitle\" class=\"a-size-large product-title-word-break\">Citramato de magnesio, Magnesio con citrato-malato para promover la producci\u00f3n de energ\u00eda, la funci\u00f3n card\u00edaca y pulmonar y el metabolismo del az\u00facar y los carbohidratos, 90 c\u00e1psulas<\/span><\/h3>\n","protected":false},"excerpt":{"rendered":"<h1 class=\"a-size-base-plus a-text-bold\">Sobre este art\u00edculo<\/h1>\n<ul class=\"a-unordered-list a-vertical a-spacing-mini\">\n<li><span class=\"a-list-item\">Para una deficiencia com\u00fan: El magnesio es a menudo deficiente en la dieta americana.<\/span><\/li>\n<li><span class=\"a-list-item\">M\u00faltiples beneficios: El suplemento de magnesio beneficia la producci\u00f3n de energ\u00eda, la funci\u00f3n del coraz\u00f3n y la funci\u00f3n pulmonar y promueve el metabolismo del az\u00facar y otros carbohidratos.<\/span><\/li>\n<li><span class=\"a-list-item\">Debilidad muscular\/fatiga: El magnesio y el malato (\u00e1cido m\u00e1lico) proporcionan apoyo a las personas con debilidad muscular y fatiga.<\/span><\/li>\n<li><span class=\"a-list-item\">Ri\u00f1\u00f3n: El magnesio y el citrato apoyan la funci\u00f3n renal al disminuir el oxalato de calcio y el fosfato en la orina.<\/span><\/li>\n<li><span class=\"a-list-item\">Libre de: Cada producto Thorne est\u00e1 elaborado con los ingredientes m\u00e1s puros posibles. Sin gluten ni ning\u00fan otro al\u00e9rgeno importante (huevos, frutos secos, man\u00ed). Este producto no contiene soya, l\u00e1cteos, levadura, mariscos o pescado.<\/span><\/li>\n<\/ul>\n","protected":false},"featured_media":2127,"comment_status":"open","ping_status":"closed","template":"","meta":{"om_disable_all_campaigns":false,"_monsterinsights_skip_tracking":false,"_monsterinsights_sitenote_active":false,"_monsterinsights_sitenote_note":"","_monsterinsights_sitenote_category":0,"site-sidebar-layout":"default","site-content-layout":"default","ast-global-header-display":"","ast-main-header-display":"","ast-hfb-above-header-display":"","ast-hfb-below-header-display":"","ast-hfb-mobile-header-display":"","site-post-title":"","ast-breadcrumbs-content":"","ast-featured-img":"","footer-sml-layout":"","theme-transparent-header-meta":"default","adv-header-id-meta":"","stick-header-meta":"","header-above-stick-meta":"","header-main-stick-meta":"","header-below-stick-meta":""},"product_cat":[29],"product_tag":[],"_links":{"self":[{"href":"http:\/\/morevitalityve.com\/index.php?rest_route=\/wp\/v2\/product\/86"}],"collection":[{"href":"http:\/\/morevitalityve.com\/index.php?rest_route=\/wp\/v2\/product"}],"about":[{"href":"http:\/\/morevitalityve.com\/index.php?rest_route=\/wp\/v2\/types\/product"}],"replies":[{"embeddable":true,"href":"http:\/\/morevitalityve.com\/index.php?rest_route=%2Fwp%2Fv2%2Fcomments&post=86"}],"wp:featuredmedia":[{"embeddable":true,"href":"http:\/\/morevitalityve.com\/index.php?rest_route=\/wp\/v2\/media\/2127"}],"wp:attachment":[{"href":"http:\/\/morevitalityve.com\/index.php?rest_route=%2Fwp%2Fv2%2Fmedia&parent=86"}],"wp:term":[{"taxonomy":"product_cat","embeddable":true,"href":"http:\/\/morevitalityve.com\/index.php?rest_route=%2Fwp%2Fv2%2Fproduct_cat&post=86"},{"taxonomy":"product_tag","embeddable":true,"href":"http:\/\/morevitalityve.com\/index.php?rest_route=%2Fwp%2Fv2%2Fproduct_tag&post=86"}],"curies":[{"name":"wp","href":"https:\/\/api.w.org\/{rel}","templated":true}]}}