{"id":85,"date":"2019-01-23T13:22:49","date_gmt":"2019-01-23T13:22:49","guid":{"rendered":"http:\/\/morevitalityve.com\/?product=boncellensis-secullant"},"modified":"2026-04-02T10:47:26","modified_gmt":"2026-04-02T10:47:26","slug":"boncellensis-secullant","status":"publish","type":"product","link":"http:\/\/morevitalityve.com\/?product=boncellensis-secullant","title":{"rendered":"Thorne \u00c1cido asc\u00f3rbico \u2013 1000 mg suplemento de vitamina C"},"content":{"rendered":"<h3 id=\"title\" class=\"a-size-large a-spacing-none\"><span id=\"productTitle\" class=\"a-size-large product-title-word-break\">Thorne \u00c1cido asc\u00f3rbico \u2013 1000 mg suplemento de vitamina C \u2013 Apoya la respuesta inmunol\u00f3gica saludable, la formaci\u00f3n de col\u00e1geno y el apoyo antioxidante \u2013 Sin gluten \u2013 60 c\u00e1psulas<\/span><\/h3>\n","protected":false},"excerpt":{"rendered":"<ul class=\"a-unordered-list a-vertical a-spacing-mini\">\n<li><span class=\"a-list-item\">Vitamina C: Promueve la funci\u00f3n inmunol\u00f3gica \u00f3ptima y proporciona la mayor cantidad de vitamina C en la suite de vitamina C de Thorne<\/span><\/li>\n<li><span class=\"a-list-item\">Piel saludable: promueve la producci\u00f3n de col\u00e1geno, lo que mejora la salud de la piel, las u\u00f1as y el cabello<\/span><\/li>\n<li><span class=\"a-list-item\">Curaci\u00f3n de heridas: la producci\u00f3n de col\u00e1geno, las propiedades antioxidantes y el apoyo inmunol\u00f3gico hacen de la vitamina C un nutriente importante para apoyar la curaci\u00f3n postquir\u00fargica y la reparaci\u00f3n de lesiones<\/span><\/li>\n<li><span class=\"a-list-item\">Libre de: No contiene gluten, huevos, nueces de \u00e1rbol, cacahuetes, l\u00e1cteos, levadura, soja, pescado o marisco<\/span><\/li>\n<li><span class=\"a-list-item\">De confianza: Thorne es elegido por campeones y confiado por m\u00e1s de 100 equipos profesionales. Thorne es el \u00fanico fabricante de suplementos que colabora con Mayo Clinic en investigaci\u00f3n y contenido de bienestar. Thorne tambi\u00e9n es un orgulloso socio de 11 equipos ol\u00edmpicos de Estados Unidos<\/span><\/li>\n<\/ul>\n","protected":false},"featured_media":2129,"comment_status":"open","ping_status":"closed","template":"","meta":{"om_disable_all_campaigns":false,"_monsterinsights_skip_tracking":false,"_monsterinsights_sitenote_active":false,"_monsterinsights_sitenote_note":"","_monsterinsights_sitenote_category":0,"site-sidebar-layout":"default","site-content-layout":"default","ast-global-header-display":"","ast-main-header-display":"","ast-hfb-above-header-display":"","ast-hfb-below-header-display":"","ast-hfb-mobile-header-display":"","site-post-title":"","ast-breadcrumbs-content":"","ast-featured-img":"","footer-sml-layout":"","theme-transparent-header-meta":"default","adv-header-id-meta":"","stick-header-meta":"","header-above-stick-meta":"","header-main-stick-meta":"","header-below-stick-meta":""},"product_cat":[29],"product_tag":[],"_links":{"self":[{"href":"http:\/\/morevitalityve.com\/index.php?rest_route=\/wp\/v2\/product\/85"}],"collection":[{"href":"http:\/\/morevitalityve.com\/index.php?rest_route=\/wp\/v2\/product"}],"about":[{"href":"http:\/\/morevitalityve.com\/index.php?rest_route=\/wp\/v2\/types\/product"}],"replies":[{"embeddable":true,"href":"http:\/\/morevitalityve.com\/index.php?rest_route=%2Fwp%2Fv2%2Fcomments&post=85"}],"wp:featuredmedia":[{"embeddable":true,"href":"http:\/\/morevitalityve.com\/index.php?rest_route=\/wp\/v2\/media\/2129"}],"wp:attachment":[{"href":"http:\/\/morevitalityve.com\/index.php?rest_route=%2Fwp%2Fv2%2Fmedia&parent=85"}],"wp:term":[{"taxonomy":"product_cat","embeddable":true,"href":"http:\/\/morevitalityve.com\/index.php?rest_route=%2Fwp%2Fv2%2Fproduct_cat&post=85"},{"taxonomy":"product_tag","embeddable":true,"href":"http:\/\/morevitalityve.com\/index.php?rest_route=%2Fwp%2Fv2%2Fproduct_tag&post=85"}],"curies":[{"name":"wp","href":"https:\/\/api.w.org\/{rel}","templated":true}]}}