{"id":2084,"date":"2022-08-15T15:08:03","date_gmt":"2022-08-15T15:08:03","guid":{"rendered":"http:\/\/morevitalityve.com\/?page_id=2084"},"modified":"2022-08-17T15:13:53","modified_gmt":"2022-08-17T15:13:53","slug":"sueroterapias-iv","status":"publish","type":"page","link":"http:\/\/morevitalityve.com\/?page_id=2084","title":{"rendered":"sueroterapias IV"},"content":{"rendered":"\t\t<div data-elementor-type=\"wp-post\" data-elementor-id=\"2084\" class=\"elementor elementor-2084\">\n\t\t\t\t\t\t\t\t\t<section class=\"elementor-section elementor-top-section elementor-element elementor-element-6ccdc95 elementor-section-content-middle elementor-section-boxed elementor-section-height-default elementor-section-height-default\" data-id=\"6ccdc95\" data-element_type=\"section\" data-settings=\"{&quot;background_background&quot;:&quot;classic&quot;,&quot;_ha_eqh_enable&quot;:false}\">\n\t\t\t\t\t\t\t<div class=\"elementor-background-overlay\"><\/div>\n\t\t\t\t\t\t\t<div class=\"elementor-container elementor-column-gap-no\">\n\t\t\t\t\t<div class=\"elementor-column elementor-col-100 elementor-top-column elementor-element elementor-element-09609ea\" data-id=\"09609ea\" data-element_type=\"column\">\n\t\t\t<div class=\"elementor-widget-wrap\">\n\t\t\t\t\t\t\t\t\t<\/div>\n\t\t<\/div>\n\t\t\t\t\t\t\t<\/div>\n\t\t<\/section>\n\t\t\t\t<section class=\"elementor-section elementor-top-section elementor-element elementor-element-b66007b elementor-section-boxed elementor-section-height-default elementor-section-height-default\" data-id=\"b66007b\" data-element_type=\"section\" data-settings=\"{&quot;_ha_eqh_enable&quot;:false}\">\n\t\t\t\t\t\t<div class=\"elementor-container elementor-column-gap-default\">\n\t\t\t\t\t<div class=\"elementor-column elementor-col-100 elementor-top-column elementor-element elementor-element-ec079e2\" data-id=\"ec079e2\" data-element_type=\"column\">\n\t\t\t<div class=\"elementor-widget-wrap elementor-element-populated\">\n\t\t\t\t\t\t\t\t<div class=\"elementor-element elementor-element-acce6d6 elementor-widget elementor-widget-heading\" data-id=\"acce6d6\" data-element_type=\"widget\" data-widget_type=\"heading.default\">\n\t\t\t\t<div class=\"elementor-widget-container\">\n\t\t\t<style>\/*! elementor - v3.6.8 - 27-07-2022 *\/\n.elementor-heading-title{padding:0;margin:0;line-height:1}.elementor-widget-heading .elementor-heading-title[class*=elementor-size-]>a{color:inherit;font-size:inherit;line-height:inherit}.elementor-widget-heading .elementor-heading-title.elementor-size-small{font-size:15px}.elementor-widget-heading .elementor-heading-title.elementor-size-medium{font-size:19px}.elementor-widget-heading .elementor-heading-title.elementor-size-large{font-size:29px}.elementor-widget-heading .elementor-heading-title.elementor-size-xl{font-size:39px}.elementor-widget-heading .elementor-heading-title.elementor-size-xxl{font-size:59px}<\/style><h2 class=\"elementor-heading-title elementor-size-default\">En morevitality lo importante eres t\u00fa, para tu comodidad y prevenci\u00f3n ofrecemos servicio de nuestra terapia IV a domicilio.<\/h2>\t\t<\/div>\n\t\t\t\t<\/div>\n\t\t\t\t\t<\/div>\n\t\t<\/div>\n\t\t\t\t\t\t\t<\/div>\n\t\t<\/section>\n\t\t\t\t<section class=\"elementor-section elementor-top-section elementor-element elementor-element-05e6dc1 elementor-section-boxed elementor-section-height-default elementor-section-height-default\" data-id=\"05e6dc1\" data-element_type=\"section\" data-settings=\"{&quot;background_background&quot;:&quot;classic&quot;,&quot;_ha_eqh_enable&quot;:false}\">\n\t\t\t\t\t\t<div class=\"elementor-container elementor-column-gap-no\">\n\t\t\t\t\t<div class=\"elementor-column elementor-col-33 elementor-top-column elementor-element elementor-element-eb8e285\" data-id=\"eb8e285\" data-element_type=\"column\">\n\t\t\t<div class=\"elementor-widget-wrap elementor-element-populated\">\n\t\t\t\t\t\t\t\t<div class=\"elementor-element elementor-element-c8c8164 elementor-widget elementor-widget-heading\" data-id=\"c8c8164\" data-element_type=\"widget\" data-widget_type=\"heading.default\">\n\t\t\t\t<div class=\"elementor-widget-container\">\n\t\t\t<h2 class=\"elementor-heading-title elementor-size-default\">As\u00ed es nuestro procedimiento:<\/h2>\t\t<\/div>\n\t\t\t\t<\/div>\n\t\t\t\t\t<\/div>\n\t\t<\/div>\n\t\t\t\t<div class=\"elementor-column elementor-col-66 elementor-top-column elementor-element elementor-element-0729f04\" data-id=\"0729f04\" data-element_type=\"column\">\n\t\t\t<div class=\"elementor-widget-wrap elementor-element-populated\">\n\t\t\t\t\t\t\t\t<div class=\"elementor-element elementor-element-c273481 elementor-widget elementor-widget-text-editor\" data-id=\"c273481\" data-element_type=\"widget\" data-widget_type=\"text-editor.default\">\n\t\t\t\t<div class=\"elementor-widget-container\">\n\t\t\t<style>\/*! elementor - v3.6.8 - 27-07-2022 *\/\n.elementor-widget-text-editor.elementor-drop-cap-view-stacked .elementor-drop-cap{background-color:#818a91;color:#fff}.elementor-widget-text-editor.elementor-drop-cap-view-framed .elementor-drop-cap{color:#818a91;border:3px solid;background-color:transparent}.elementor-widget-text-editor:not(.elementor-drop-cap-view-default) .elementor-drop-cap{margin-top:8px}.elementor-widget-text-editor:not(.elementor-drop-cap-view-default) .elementor-drop-cap-letter{width:1em;height:1em}.elementor-widget-text-editor .elementor-drop-cap{float:left;text-align:center;line-height:1;font-size:50px}.elementor-widget-text-editor .elementor-drop-cap-letter{display:inline-block}<\/style>\t\t\t\t<p><span style=\"font-weight: 400;\">1) Primeramente se realizar\u00e1 una historia cl\u00ednica se llenar\u00e1 a trav\u00e9s de una valoraci\u00f3n m\u00e9dica virtual, en la cual se le explicar\u00e1 al paciente el procedimiento, las recomendaciones m\u00e9dicas y el consentimiento informado para evitar al m\u00e1ximo el contacto.<\/span><\/p><p><span style=\"font-weight: 400;\">2) Se concreta el d\u00eda la colocaci\u00f3n del suero.<\/span><\/p><p><span style=\"font-weight: 400;\">3) Al llegar a tu domicilio todos los elementos necesarios ser\u00e1n desinfectados previamente.<\/span><\/p><p><span style=\"font-weight: 400;\">4)Antes de ingresar a tu hogar, la enfermera se equipar\u00e1 con elementos de protecci\u00f3n personal (traje de bioseguridad y polainas) los cuales ser\u00e1n tambi\u00e9n desinfectados rigurosamente.<\/span><\/p><p><span style=\"font-weight: 400;\">5)El procedimiento se realizar\u00e1 en la sala o habitaci\u00f3n m\u00e1s cercana a la entrada del domicilio como medida de protecci\u00f3n.<\/span><\/p><p><span style=\"font-weight: 400;\">6)Los pacientes deber\u00e1n usar tapabocas durante todo el procedimiento.<\/span><\/p><p><span style=\"font-weight: 400;\">7) Para el procedimiento, la enfermera tomar\u00e1 los signos vitales del paciente y canalizar\u00e1 para aplicar el suero elegido. La aplicaci\u00f3n de este suero dura aproximadamente 1 hr.<\/span><\/p><p><span style=\"font-weight: 400;\">8)Al terminar el procedimiento, la enfermera desinfectar\u00e1 nuevamente el lugar donde se realiz\u00f3 el procedimiento.<\/span><\/p>\t\t\t\t\t\t<\/div>\n\t\t\t\t<\/div>\n\t\t\t\t\t<\/div>\n\t\t<\/div>\n\t\t\t\t\t\t\t<\/div>\n\t\t<\/section>\n\t\t\t\t<section class=\"elementor-section elementor-top-section elementor-element elementor-element-dc6a4e3 elementor-section-boxed elementor-section-height-default elementor-section-height-default\" data-id=\"dc6a4e3\" data-element_type=\"section\" data-settings=\"{&quot;background_background&quot;:&quot;classic&quot;,&quot;_ha_eqh_enable&quot;:false}\">\n\t\t\t\t\t\t<div class=\"elementor-container elementor-column-gap-no\">\n\t\t\t\t\t<div class=\"elementor-column elementor-col-100 elementor-top-column elementor-element elementor-element-0e2a233\" data-id=\"0e2a233\" data-element_type=\"column\">\n\t\t\t<div class=\"elementor-widget-wrap elementor-element-populated\">\n\t\t\t\t\t\t\t\t<div class=\"elementor-element elementor-element-e075a06 elementor-widget elementor-widget-heading\" data-id=\"e075a06\" data-element_type=\"widget\" data-widget_type=\"heading.default\">\n\t\t\t\t<div class=\"elementor-widget-container\">\n\t\t\t<h2 class=\"elementor-heading-title elementor-size-default\">\u00bfEst\u00e1s interesado en mejorar tu calidad de vida?<\/h2>\t\t<\/div>\n\t\t\t\t<\/div>\n\t\t\t\t<div class=\"elementor-element elementor-element-f5c8852 elementor-mobile-align-center elementor-align-center elementor-widget elementor-widget-button\" data-id=\"f5c8852\" data-element_type=\"widget\" data-widget_type=\"button.default\">\n\t\t\t\t<div class=\"elementor-widget-container\">\n\t\t\t\t\t<div class=\"elementor-button-wrapper\">\n\t\t\t<a href=\"#\" class=\"elementor-button-link elementor-button elementor-size-md\" role=\"button\">\n\t\t\t\t\t\t<span class=\"elementor-button-content-wrapper\">\n\t\t\t\t\t\t<span class=\"elementor-button-text\">\u00a1solicitar una cita!<\/span>\n\t\t<\/span>\n\t\t\t\t\t<\/a>\n\t\t<\/div>\n\t\t\t\t<\/div>\n\t\t\t\t<\/div>\n\t\t\t\t\t<\/div>\n\t\t<\/div>\n\t\t\t\t\t\t\t<\/div>\n\t\t<\/section>\n\t\t\t\t\t\t\t<\/div>\n\t\t","protected":false},"excerpt":{"rendered":"<p>En morevitality lo importante eres t\u00fa, para tu comodidad y prevenci\u00f3n ofrecemos servicio de nuestra terapia IV a domicilio. As\u00ed es nuestro procedimiento: 1) Primeramente se realizar\u00e1 una historia cl\u00ednica se llenar\u00e1 a trav\u00e9s de una valoraci\u00f3n m\u00e9dica virtual, en la cual se le explicar\u00e1 al paciente el procedimiento, las recomendaciones m\u00e9dicas y el consentimiento &hellip;<\/p>\n<p class=\"read-more\"> <a class=\"\" href=\"http:\/\/morevitalityve.com\/?page_id=2084\"> <span class=\"screen-reader-text\">sueroterapias IV<\/span> Read More &raquo;<\/a><\/p>\n","protected":false},"author":1,"featured_media":0,"parent":0,"menu_order":0,"comment_status":"closed","ping_status":"closed","template":"","meta":{"om_disable_all_campaigns":false,"_monsterinsights_skip_tracking":false,"_monsterinsights_sitenote_active":false,"_monsterinsights_sitenote_note":"","_monsterinsights_sitenote_category":0,"site-sidebar-layout":"no-sidebar","site-content-layout":"page-builder","ast-global-header-display":"","ast-main-header-display":"","ast-hfb-above-header-display":"","ast-hfb-below-header-display":"","ast-hfb-mobile-header-display":"","site-post-title":"disabled","ast-breadcrumbs-content":"","ast-featured-img":"disabled","footer-sml-layout":"","theme-transparent-header-meta":"enabled","adv-header-id-meta":"","stick-header-meta":"","header-above-stick-meta":"","header-main-stick-meta":"","header-below-stick-meta":""},"uagb_featured_image_src":{"full":false,"thumbnail":false,"medium":false,"medium_large":false,"large":false,"1536x1536":false,"2048x2048":false,"woocommerce_thumbnail":false,"woocommerce_single":false,"woocommerce_gallery_thumbnail":false,"shop_catalog":false,"shop_single":false,"shop_thumbnail":false},"uagb_author_info":{"display_name":"maripilivt@gmail.com","author_link":"http:\/\/morevitalityve.com\/?author=1"},"uagb_comment_info":0,"uagb_excerpt":"En morevitality lo importante eres t\u00fa, para tu comodidad y prevenci\u00f3n ofrecemos servicio de nuestra terapia IV a domicilio. As\u00ed es nuestro procedimiento: 1) Primeramente se realizar\u00e1 una historia cl\u00ednica se llenar\u00e1 a trav\u00e9s de una valoraci\u00f3n m\u00e9dica virtual, en la cual se le explicar\u00e1 al paciente el procedimiento, las recomendaciones m\u00e9dicas y el consentimiento&hellip;","_links":{"self":[{"href":"http:\/\/morevitalityve.com\/index.php?rest_route=\/wp\/v2\/pages\/2084"}],"collection":[{"href":"http:\/\/morevitalityve.com\/index.php?rest_route=\/wp\/v2\/pages"}],"about":[{"href":"http:\/\/morevitalityve.com\/index.php?rest_route=\/wp\/v2\/types\/page"}],"author":[{"embeddable":true,"href":"http:\/\/morevitalityve.com\/index.php?rest_route=\/wp\/v2\/users\/1"}],"replies":[{"embeddable":true,"href":"http:\/\/morevitalityve.com\/index.php?rest_route=%2Fwp%2Fv2%2Fcomments&post=2084"}],"version-history":[{"count":37,"href":"http:\/\/morevitalityve.com\/index.php?rest_route=\/wp\/v2\/pages\/2084\/revisions"}],"predecessor-version":[{"id":2165,"href":"http:\/\/morevitalityve.com\/index.php?rest_route=\/wp\/v2\/pages\/2084\/revisions\/2165"}],"wp:attachment":[{"href":"http:\/\/morevitalityve.com\/index.php?rest_route=%2Fwp%2Fv2%2Fmedia&parent=2084"}],"curies":[{"name":"wp","href":"https:\/\/api.w.org\/{rel}","templated":true}]}}